{"id":1242,"date":"2018-12-16T11:19:24","date_gmt":"2018-12-16T16:19:24","guid":{"rendered":"http:\/\/droitthemes.com\/wp\/saasland\/?page_id=1242"},"modified":"2024-01-17T16:49:11","modified_gmt":"2024-01-17T21:49:11","slug":"contact","status":"publish","type":"page","link":"https:\/\/www.ecritel.ca\/en\/contact\/","title":{"rendered":"Contact"},"content":{"rendered":"<div data-elementor-type=\"wp-post\" data-elementor-id=\"1242\" class=\"elementor elementor-1242\" data-elementor-settings=\"[]\">\n\t\t\t\t\t\t<div class=\"elementor-inner\">\n\t\t\t\t\t\t\t<div class=\"elementor-section-wrap\">\n\t\t\t\t\t\t\t<section class=\"elementor-section elementor-top-section elementor-element elementor-element-31f0750 elementor-section-boxed elementor-section-height-default elementor-section-height-default\" data-id=\"31f0750\" data-element_type=\"section\">\n\t\t\t\t\t\t<div class=\"elementor-container elementor-column-gap-no\">\n\t\t\t\t\t\t\t<div class=\"elementor-row\">\n\t\t\t\t\t<div class=\"elementor-column elementor-col-50 elementor-top-column elementor-element elementor-element-7265117\" data-id=\"7265117\" data-element_type=\"column\">\n\t\t\t<div class=\"elementor-column-wrap elementor-element-populated\">\n\t\t\t\t\t\t\t<div class=\"elementor-widget-wrap\">\n\t\t\t\t\t\t<section class=\"elementor-section elementor-inner-section elementor-element elementor-element-3dac96f elementor-section-boxed elementor-section-height-default elementor-section-height-default\" data-id=\"3dac96f\" data-element_type=\"section\">\n\t\t\t\t\t\t<div class=\"elementor-container elementor-column-gap-no\">\n\t\t\t\t\t\t\t<div class=\"elementor-row\">\n\t\t\t\t\t<div class=\"elementor-column elementor-col-100 elementor-inner-column elementor-element elementor-element-4760cc1\" data-id=\"4760cc1\" data-element_type=\"column\">\n\t\t\t<div class=\"elementor-column-wrap elementor-element-populated\">\n\t\t\t\t\t\t\t<div class=\"elementor-widget-wrap\">\n\t\t\t\t\t\t<div class=\"elementor-element elementor-element-ba96678 elementor-widget elementor-widget-heading\" data-id=\"ba96678\" data-element_type=\"widget\" data-widget_type=\"heading.default\">\n\t\t\t\t<div class=\"elementor-widget-container\">\n\t\t\t<h2 class=\"elementor-heading-title elementor-size-default\">Address<\/h2>\t\t<\/div>\n\t\t\t\t<\/div>\n\t\t\t\t<div class=\"elementor-element elementor-element-9249e4d elementor-widget elementor-widget-text-editor\" data-id=\"9249e4d\" data-element_type=\"widget\" data-widget_type=\"text-editor.default\">\n\t\t\t\t<div class=\"elementor-widget-container\">\n\t\t\t\t\t\t\t\t<div class=\"elementor-text-editor elementor-clearfix\">\n\t\t\t\t\t<p>4030 Saint-Ambroise Street #240, Montreal, QC H4C 2C7<\/p>\t\t\t\t\t<\/div>\n\t\t\t\t\t\t<\/div>\n\t\t\t\t<\/div>\n\t\t\t\t<div class=\"elementor-element elementor-element-bd871f2 elementor-widget-divider--view-line elementor-widget elementor-widget-divider\" data-id=\"bd871f2\" data-element_type=\"widget\" data-widget_type=\"divider.default\">\n\t\t\t\t<div class=\"elementor-widget-container\">\n\t\t\t\t\t<div class=\"elementor-divider\">\n\t\t\t<span class=\"elementor-divider-separator\">\n\t\t\t\t\t\t<\/span>\n\t\t<\/div>\n\t\t\t\t<\/div>\n\t\t\t\t<\/div>\n\t\t\t\t\t\t<\/div>\n\t\t\t\t\t<\/div>\n\t\t<\/div>\n\t\t\t\t\t\t\t\t<\/div>\n\t\t\t\t\t<\/div>\n\t\t<\/section>\n\t\t\t\t<section class=\"elementor-section elementor-inner-section elementor-element elementor-element-aa26790 elementor-section-boxed elementor-section-height-default elementor-section-height-default\" data-id=\"aa26790\" data-element_type=\"section\">\n\t\t\t\t\t\t<div class=\"elementor-container elementor-column-gap-no\">\n\t\t\t\t\t\t\t<div class=\"elementor-row\">\n\t\t\t\t\t<div class=\"elementor-column elementor-col-100 elementor-inner-column elementor-element elementor-element-854f492\" data-id=\"854f492\" data-element_type=\"column\">\n\t\t\t<div class=\"elementor-column-wrap elementor-element-populated\">\n\t\t\t\t\t\t\t<div class=\"elementor-widget-wrap\">\n\t\t\t\t\t\t<div class=\"elementor-element elementor-element-fd3a91a elementor-widget elementor-widget-heading\" data-id=\"fd3a91a\" data-element_type=\"widget\" data-widget_type=\"heading.default\">\n\t\t\t\t<div class=\"elementor-widget-container\">\n\t\t\t<h2 class=\"elementor-heading-title elementor-size-default\">Contact information\n<\/h2>\t\t<\/div>\n\t\t\t\t<\/div>\n\t\t\t\t<div class=\"elementor-element elementor-element-c850856 elementor-widget elementor-widget-text-editor\" data-id=\"c850856\" data-element_type=\"widget\" data-widget_type=\"text-editor.default\">\n\t\t\t\t<div class=\"elementor-widget-container\">\n\t\t\t\t\t\t\t\t<div class=\"elementor-text-editor elementor-clearfix\">\n\t\t\t\t\t<p class=\"f_300 f_size_15\"><span class=\"f_400 t_color3\">Tel :<\/span> +1 (514) 878-2395<\/p><p class=\"f_300 f_size_15\"><span class=\"f_400 t_color3\">E-mail :<\/span> contact@ecritel.ca<\/p>\t\t\t\t\t<\/div>\n\t\t\t\t\t\t<\/div>\n\t\t\t\t<\/div>\n\t\t\t\t\t\t<\/div>\n\t\t\t\t\t<\/div>\n\t\t<\/div>\n\t\t\t\t\t\t\t\t<\/div>\n\t\t\t\t\t<\/div>\n\t\t<\/section>\n\t\t\t\t\t\t<\/div>\n\t\t\t\t\t<\/div>\n\t\t<\/div>\n\t\t\t\t<div class=\"elementor-column elementor-col-50 elementor-top-column elementor-element elementor-element-c0b799e\" data-id=\"c0b799e\" data-element_type=\"column\">\n\t\t\t<div class=\"elementor-column-wrap elementor-element-populated\">\n\t\t\t\t\t\t\t<div class=\"elementor-widget-wrap\">\n\t\t\t\t\t\t<div class=\"elementor-element elementor-element-de1d2fa elementor-widget elementor-widget-shortcode\" data-id=\"de1d2fa\" data-element_type=\"widget\" data-widget_type=\"shortcode.default\">\n\t\t\t\t<div class=\"elementor-widget-container\">\n\t\t\t\t\t<div class=\"elementor-shortcode\">\n<div class=\"wpcf7 no-js\" id=\"wpcf7-f5-o1\" lang=\"pt-BR\" dir=\"ltr\">\n<div class=\"screen-reader-response\"><p role=\"status\" aria-live=\"polite\" aria-atomic=\"true\"><\/p> <ul><\/ul><\/div>\n<form action=\"\/en\/wp-json\/wp\/v2\/pages\/1242#wpcf7-f5-o1\" method=\"post\" class=\"wpcf7-form init\" aria-label=\"Formul\u00e1rios de contato\" novalidate=\"novalidate\" data-status=\"init\" data-trp-original-action=\"\/en\/wp-json\/wp\/v2\/pages\/1242#wpcf7-f5-o1\">\n<div style=\"display: none;\">\n<input type=\"hidden\" name=\"_wpcf7\" value=\"5\" \/>\n<input type=\"hidden\" name=\"_wpcf7_version\" value=\"5.8.7\" \/>\n<input type=\"hidden\" name=\"_wpcf7_locale\" value=\"pt_BR\" \/>\n<input type=\"hidden\" name=\"_wpcf7_unit_tag\" value=\"wpcf7-f5-o1\" \/>\n<input type=\"hidden\" name=\"_wpcf7_container_post\" value=\"0\" \/>\n<input type=\"hidden\" name=\"_wpcf7_posted_data_hash\" value=\"\" \/>\n<input type=\"hidden\" name=\"_wpcf7_recaptcha_response\" value=\"\" \/>\n<\/div>\n<ul class=\"contrato-fields\">\n\t<li class=\"contrato-field\">\n\t\t<p><label> Full name*<br \/>\n<span class=\"wpcf7-form-control-wrap\" data-name=\"your-name\"><input size=\"40\" class=\"wpcf7-form-control wpcf7-text wpcf7-validates-as-required\" aria-required=\"true\" aria-invalid=\"false\" value=\"\" type=\"text\" name=\"your-name\" \/><\/span><br \/>\n<\/label>\n\t\t<\/p>\n\t<\/li>\n\t<li class=\"contrato-field\">\n\t\t<p><label> E-mail*<br \/>\n<span class=\"wpcf7-form-control-wrap\" data-name=\"your-email\"><input size=\"40\" class=\"wpcf7-form-control wpcf7-email wpcf7-validates-as-required wpcf7-text wpcf7-validates-as-email\" aria-required=\"true\" aria-invalid=\"false\" value=\"\" type=\"email\" name=\"your-email\" \/><\/span><br \/>\n<\/label>\n\t\t<\/p>\n\t<\/li>\n\t<li class=\"contrato-field\">\n\t\t<p><label> Subject*<br \/>\n<span class=\"wpcf7-form-control-wrap\" data-name=\"your-subject\"><input size=\"40\" class=\"wpcf7-form-control wpcf7-text wpcf7-validates-as-required\" aria-required=\"true\" aria-invalid=\"false\" value=\"\" type=\"text\" name=\"your-subject\" \/><\/span><br \/>\n<\/label>\n\t\t<\/p>\n\t<\/li>\n\t<li class=\"contrato-field\">\n\t\t<p><label> Message*<br \/>\n<span class=\"wpcf7-form-control-wrap\" data-name=\"your-message\"><textarea cols=\"40\" rows=\"10\" class=\"wpcf7-form-control wpcf7-textarea wpcf7-validates-as-required\" aria-required=\"true\" aria-invalid=\"false\" name=\"your-message\"><\/textarea><\/span><br \/>\n<\/label>\n\t\t<\/p>\n\t<\/li>\n<\/ul>\n<div class=\"contrato-action\">\n\t<p><input class=\"wpcf7-form-control wpcf7-submit has-spinner\" type=\"submit\" value=\"Send\" \/>\n\t<\/p>\n<\/div><div class=\"wpcf7-response-output\" aria-hidden=\"true\"><\/div>\n<input type=\"hidden\" name=\"trp-form-language\" value=\"en\"\/><\/form>\n<\/div>\n<\/div>\n\t\t\t\t<\/div>\n\t\t\t\t<\/div>\n\t\t\t\t\t\t<\/div>\n\t\t\t\t\t<\/div>\n\t\t<\/div>\n\t\t\t\t\t\t\t\t<\/div>\n\t\t\t\t\t<\/div>\n\t\t<\/section>\n\t\t\t\t<section class=\"elementor-section elementor-top-section elementor-element elementor-element-e262ce3 elementor-section-full_width elementor-section-height-default elementor-section-height-default\" data-id=\"e262ce3\" data-element_type=\"section\">\n\t\t\t\t\t\t<div class=\"elementor-container elementor-column-gap-no\">\n\t\t\t\t\t\t\t<div class=\"elementor-row\">\n\t\t\t\t\t<div class=\"elementor-column elementor-col-100 elementor-top-column elementor-element elementor-element-6103fe5\" data-id=\"6103fe5\" data-element_type=\"column\">\n\t\t\t<div class=\"elementor-column-wrap elementor-element-populated\">\n\t\t\t\t\t\t\t<div class=\"elementor-widget-wrap\">\n\t\t\t\t\t\t<div class=\"elementor-element elementor-element-2f5c755 elementor-widget elementor-widget-saasland_map2\" data-id=\"2f5c755\" data-element_type=\"widget\" data-widget_type=\"saasland_map2.default\">\n\t\t\t\t<div class=\"elementor-widget-container\">\n\t\t\t        <div class=\"mapbox2\" >\r\n            <div id=\"mapBox\" class=\"row m0\"\r\n                  data-lat=\"45.47460739\"                   data-lon=\"-73.58041763\"                   data-zoom=\"14\"                   data-info=\"4030 Rue Saint-Ambroise #240, Montr\u00e9al, QC H4C 2C7\"                   data-marker=\"https:\/\/www.ecritel.ca\/wp-content\/uploads\/2021\/03\/gmap-marker.png\"                  data-mlat=\"45.47460739\"                  data-mlon=\"-73.58041763\" >\r\n            <\/div>\r\n        <\/div>\r\n\r\n        <script src=\"https:\/\/maps.googleapis.com\/maps\/api\/js?key=AIzaSyDNZifWKdx47RRExUUTfhqdp4ZwZn0twKI&callback=initMap\"><\/script>\r\n        <script src=\"https:\/\/www.ecritel.ca\/wp-content\/plugins\/saasland-core\/widgets\/js\/gmaps.min.js\"><\/script>\r\n        \t\t<\/div>\n\t\t\t\t<\/div>\n\t\t\t\t\t\t<\/div>\n\t\t\t\t\t<\/div>\n\t\t<\/div>\n\t\t\t\t\t\t\t\t<\/div>\n\t\t\t\t\t<\/div>\n\t\t<\/section>\n\t\t\t\t\t\t<\/div>\n\t\t\t\t\t\t<\/div>\n\t\t\t\t\t<\/div>","protected":false},"excerpt":{"rendered":"<p>Are you working on a project? Let's talk about it!<br \/>\nWe're here to help you overcome your challenges.<\/p>","protected":false},"author":8,"featured_media":0,"parent":0,"menu_order":20,"comment_status":"closed","ping_status":"closed","template":"elementor_header_footer","meta":{"footnotes":""},"yoast_head":"<!-- This site is optimized with the Yoast SEO plugin v22.0 - https:\/\/yoast.com\/wordpress\/plugins\/seo\/ -->\n<title>Contact - Ecritel Canada<\/title>\n<meta name=\"robots\" content=\"index, follow, max-snippet:-1, max-image-preview:large, max-video-preview:-1\" \/>\n<link rel=\"canonical\" href=\"https:\/\/www.ecritel.ca\/en\/contact\/\" \/>\n<meta property=\"og:locale\" content=\"en_US\" \/>\n<meta property=\"og:type\" content=\"article\" \/>\n<meta property=\"og:title\" content=\"Contact - Ecritel Canada\" \/>\n<meta property=\"og:description\" content=\"Avez-vous un projet ? Parlons-en! Nous sommes \u00e0 votre disposition pour vous aider \u00e0 surmonter vos d\u00e9fis.\" \/>\n<meta property=\"og:url\" content=\"https:\/\/www.ecritel.ca\/en\/contact\/\" \/>\n<meta property=\"og:site_name\" content=\"Ecritel Canada\" \/>\n<meta property=\"article:publisher\" content=\"https:\/\/www.facebook.com\/ecritelcloud\/\" \/>\n<meta property=\"article:modified_time\" content=\"2024-01-17T21:49:11+00:00\" \/>\n<meta name=\"twitter:card\" content=\"summary_large_image\" \/>\n<meta name=\"twitter:site\" content=\"@ecritel_cloud\" \/>\n<script type=\"application\/ld+json\" class=\"yoast-schema-graph\">{\"@context\":\"https:\/\/schema.org\",\"@graph\":[{\"@type\":\"WebPage\",\"@id\":\"https:\/\/www.ecritel.ca\/contact\/\",\"url\":\"https:\/\/www.ecritel.ca\/contact\/\",\"name\":\"Contact - Ecritel Canada\",\"isPartOf\":{\"@id\":\"https:\/\/www.ecritel.ca\/#website\"},\"datePublished\":\"2018-12-16T16:19:24+00:00\",\"dateModified\":\"2024-01-17T21:49:11+00:00\",\"breadcrumb\":{\"@id\":\"https:\/\/www.ecritel.ca\/contact\/#breadcrumb\"},\"inLanguage\":\"en-US\",\"potentialAction\":[{\"@type\":\"ReadAction\",\"target\":[\"https:\/\/www.ecritel.ca\/contact\/\"]}]},{\"@type\":\"BreadcrumbList\",\"@id\":\"https:\/\/www.ecritel.ca\/contact\/#breadcrumb\",\"itemListElement\":[{\"@type\":\"ListItem\",\"position\":1,\"name\":\"Accueil\",\"item\":\"https:\/\/www.ecritel.ca\/fr\/\"},{\"@type\":\"ListItem\",\"position\":2,\"name\":\"Contact\"}]},{\"@type\":\"WebSite\",\"@id\":\"https:\/\/www.ecritel.ca\/#website\",\"url\":\"https:\/\/www.ecritel.ca\/\",\"name\":\"Ecritel Canada\",\"description\":\"Managed Hosting &amp; Cloud Computing\",\"publisher\":{\"@id\":\"https:\/\/www.ecritel.ca\/#organization\"},\"alternateName\":\"Ecritel\",\"potentialAction\":[{\"@type\":\"SearchAction\",\"target\":{\"@type\":\"EntryPoint\",\"urlTemplate\":\"https:\/\/www.ecritel.ca\/?s={search_term_string}\"},\"query-input\":\"required name=search_term_string\"}],\"inLanguage\":\"en-US\"},{\"@type\":\"Organization\",\"@id\":\"https:\/\/www.ecritel.ca\/#organization\",\"name\":\"Ecritel Canada\",\"alternateName\":\"Ecritel Inc.\",\"url\":\"https:\/\/www.ecritel.ca\/\",\"logo\":{\"@type\":\"ImageObject\",\"inLanguage\":\"en-US\",\"@id\":\"https:\/\/www.ecritel.ca\/#\/schema\/logo\/image\/\",\"url\":\"https:\/\/www.ecritel.ca\/wp-content\/uploads\/2021\/08\/logo-ecritel-main-color-2x-1-1.png\",\"contentUrl\":\"https:\/\/www.ecritel.ca\/wp-content\/uploads\/2021\/08\/logo-ecritel-main-color-2x-1-1.png\",\"width\":120,\"height\":48,\"caption\":\"Ecritel Canada\"},\"image\":{\"@id\":\"https:\/\/www.ecritel.ca\/#\/schema\/logo\/image\/\"},\"sameAs\":[\"https:\/\/www.facebook.com\/ecritelcloud\/\",\"https:\/\/twitter.com\/ecritel_cloud\"]}]}<\/script>\n<!-- \/ Yoast SEO plugin. -->","yoast_head_json":{"title":"Contact - Ecritel Canada","robots":{"index":"index","follow":"follow","max-snippet":"max-snippet:-1","max-image-preview":"max-image-preview:large","max-video-preview":"max-video-preview:-1"},"canonical":"https:\/\/www.ecritel.ca\/en\/contact\/","og_locale":"en_US","og_type":"article","og_title":"Contact - Ecritel Canada","og_description":"Avez-vous un projet ? Parlons-en! Nous sommes \u00e0 votre disposition pour vous aider \u00e0 surmonter vos d\u00e9fis.","og_url":"https:\/\/www.ecritel.ca\/en\/contact\/","og_site_name":"Ecritel Canada","article_publisher":"https:\/\/www.facebook.com\/ecritelcloud\/","article_modified_time":"2024-01-17T21:49:11+00:00","twitter_card":"summary_large_image","twitter_site":"@ecritel_cloud","schema":{"@context":"https:\/\/schema.org","@graph":[{"@type":"WebPage","@id":"https:\/\/www.ecritel.ca\/contact\/","url":"https:\/\/www.ecritel.ca\/contact\/","name":"Contact - Ecritel Canada","isPartOf":{"@id":"https:\/\/www.ecritel.ca\/#website"},"datePublished":"2018-12-16T16:19:24+00:00","dateModified":"2024-01-17T21:49:11+00:00","breadcrumb":{"@id":"https:\/\/www.ecritel.ca\/contact\/#breadcrumb"},"inLanguage":"en-US","potentialAction":[{"@type":"ReadAction","target":["https:\/\/www.ecritel.ca\/contact\/"]}]},{"@type":"BreadcrumbList","@id":"https:\/\/www.ecritel.ca\/contact\/#breadcrumb","itemListElement":[{"@type":"ListItem","position":1,"name":"Accueil","item":"https:\/\/www.ecritel.ca\/fr\/"},{"@type":"ListItem","position":2,"name":"Contact"}]},{"@type":"WebSite","@id":"https:\/\/www.ecritel.ca\/#website","url":"https:\/\/www.ecritel.ca\/","name":"Ecritel Canada","description":"Managed Hosting &amp; Cloud Computing","publisher":{"@id":"https:\/\/www.ecritel.ca\/#organization"},"alternateName":"Ecritel","potentialAction":[{"@type":"SearchAction","target":{"@type":"EntryPoint","urlTemplate":"https:\/\/www.ecritel.ca\/?s={search_term_string}"},"query-input":"required name=search_term_string"}],"inLanguage":"en-US"},{"@type":"Organization","@id":"https:\/\/www.ecritel.ca\/#organization","name":"Ecritel Canada","alternateName":"Ecritel Inc.","url":"https:\/\/www.ecritel.ca\/","logo":{"@type":"ImageObject","inLanguage":"en-US","@id":"https:\/\/www.ecritel.ca\/#\/schema\/logo\/image\/","url":"https:\/\/www.ecritel.ca\/wp-content\/uploads\/2021\/08\/logo-ecritel-main-color-2x-1-1.png","contentUrl":"https:\/\/www.ecritel.ca\/wp-content\/uploads\/2021\/08\/logo-ecritel-main-color-2x-1-1.png","width":120,"height":48,"caption":"Ecritel Canada"},"image":{"@id":"https:\/\/www.ecritel.ca\/#\/schema\/logo\/image\/"},"sameAs":["https:\/\/www.facebook.com\/ecritelcloud\/","https:\/\/twitter.com\/ecritel_cloud"]}]}},"_links":{"self":[{"href":"https:\/\/www.ecritel.ca\/en\/wp-json\/wp\/v2\/pages\/1242"}],"collection":[{"href":"https:\/\/www.ecritel.ca\/en\/wp-json\/wp\/v2\/pages"}],"about":[{"href":"https:\/\/www.ecritel.ca\/en\/wp-json\/wp\/v2\/types\/page"}],"author":[{"embeddable":true,"href":"https:\/\/www.ecritel.ca\/en\/wp-json\/wp\/v2\/users\/8"}],"replies":[{"embeddable":true,"href":"https:\/\/www.ecritel.ca\/en\/wp-json\/wp\/v2\/comments?post=1242"}],"version-history":[{"count":87,"href":"https:\/\/www.ecritel.ca\/en\/wp-json\/wp\/v2\/pages\/1242\/revisions"}],"predecessor-version":[{"id":9863,"href":"https:\/\/www.ecritel.ca\/en\/wp-json\/wp\/v2\/pages\/1242\/revisions\/9863"}],"wp:attachment":[{"href":"https:\/\/www.ecritel.ca\/en\/wp-json\/wp\/v2\/media?parent=1242"}],"curies":[{"name":"wp","href":"https:\/\/api.w.org\/{rel}","templated":true}]}}