{"id":2641,"date":"2019-04-02T10:27:23","date_gmt":"2019-04-02T15:27:23","guid":{"rendered":"https:\/\/droitthemes.com\/wp\/saasland\/?page_id=2641"},"modified":"2024-01-17T16:47:36","modified_gmt":"2024-01-17T21:47:36","slug":"notre-equipe","status":"publish","type":"page","link":"https:\/\/www.ecritel.ca\/en\/entreprise\/notre-equipe\/","title":{"rendered":"Our team"},"content":{"rendered":"<div data-elementor-type=\"wp-post\" data-elementor-id=\"2641\" class=\"elementor elementor-2641\" data-elementor-settings=\"[]\">\n\t\t\t\t\t\t<div class=\"elementor-inner\">\n\t\t\t\t\t\t\t<div class=\"elementor-section-wrap\">\n\t\t\t\t\t\t\t<section class=\"elementor-section elementor-top-section elementor-element elementor-element-99a4b6b padding-fix remove-margin-bot elementor-section-boxed elementor-section-height-default elementor-section-height-default\" data-id=\"99a4b6b\" data-element_type=\"section\">\n\t\t\t\t\t\t\t<div class=\"elementor-background-overlay\"><\/div>\n\t\t\t\t\t\t\t<div class=\"elementor-container elementor-column-gap-no\">\n\t\t\t\t\t\t\t<div class=\"elementor-row\">\n\t\t\t\t\t<div class=\"elementor-column elementor-col-100 elementor-top-column elementor-element elementor-element-220eee5\" data-id=\"220eee5\" data-element_type=\"column\">\n\t\t\t<div class=\"elementor-column-wrap elementor-element-populated\">\n\t\t\t\t\t\t\t<div class=\"elementor-widget-wrap\">\n\t\t\t\t\t\t<div class=\"elementor-element elementor-element-ecd846a remove-padding-p title-padding remove-margin-h2 elementor-widget elementor-widget-saasland_appart_features\" data-id=\"ecd846a\" data-element_type=\"widget\" data-widget_type=\"saasland_appart_features.default\">\n\t\t\t\t<div class=\"elementor-widget-container\">\n\t\t\t        <section class=\"features-area-five features-area-six\">\r\n                        <div class=\"container\">\r\n                <div class=\"title-four text-center\">\r\n                     <h2> Dedicated teams to meet your needs <\/h2>                      <p>Our teams of engineers and architects have the latest Cisco, VMware, Microsoft and EMC certifications...<\/p>\n                <\/div>\r\n                <div class=\"row\">\r\n                                                <div class=\"col-md-6 col-sm-6 feature-five-item align_left\">\r\n                                                                        <div class=\"round\">\r\n                                            <i class=\"fa fa-check\" style=\"color: #81C418;\"><\/i>\r\n                                        <\/div>\r\n                                                                        <h2> Research &amp; Development <\/h2>\r\n                                    <p>Our R&amp;D team is at the core of Ecritel, constantly creating and improving our offerings.<\/p>                                                                <\/div>\r\n                                                        <div class=\"col-md-6 col-sm-6 feature-five-item align_left\">\r\n                                                                        <div class=\"round\">\r\n                                            <i class=\"fa fa-check\" style=\"color: #81C418;\"><\/i>\r\n                                        <\/div>\r\n                                                                        <h2> IT systems <\/h2>\r\n                                    <p>This team is responsible for developing and maintaining our internal tools (API, ERP, CMDB, customer portal, etc.).<\/p>                                                                <\/div>\r\n                                                        <div class=\"col-md-6 col-sm-6 feature-five-item align_left\">\r\n                                                                        <div class=\"round\">\r\n                                            <i class=\"fa fa-check\" style=\"color: #81C418;\"><\/i>\r\n                                        <\/div>\r\n                                                                        <h2> Installation and migration <\/h2>\r\n                                    <p>As the name suggests, this team is responsible for planning, implementing and developing your solution.<\/p>                                                                <\/div>\r\n                                                        <div class=\"col-md-6 col-sm-6 feature-five-item align_left\">\r\n                                                                        <div class=\"round\">\r\n                                            <i class=\"fa fa-check\" style=\"color: #81C418;\"><\/i>\r\n                                        <\/div>\r\n                                                                        <h2> Supervision <\/h2>\r\n                                    <p>Our customer experience specialists monitor the environment 24 hours a day, every day of the week, every day of the year, in each of our datacenters, and are the first to respond to any alerts or requests from customers.<\/p>                                                                <\/div>\r\n                                                        <div class=\"col-md-6 col-sm-6 feature-five-item align_left\">\r\n                                                                        <div class=\"round\">\r\n                                            <i class=\"fa fa-check\" style=\"color: #81C418;\"><\/i>\r\n                                        <\/div>\r\n                                                                        <h2> Systems administration <\/h2>\r\n                                    <p>Our customer support experts, specialized in Unix\/Linux or Windows systems, are available 24 hours a day, every day of the week, to handle Level I and Level II escalations. This team focuses on two areas:<br\/><br\/>\n\n- The systems team maintains our shared cloud infrastructure,\n<br>\n- The Premium team maintains our dedicated private infrastructure to the unique specifications of each customer.<\/p>                                                                <\/div>\r\n                                                        <div class=\"col-md-6 col-sm-6 feature-five-item align_left\">\r\n                                                                        <div class=\"round\">\r\n                                            <i class=\"fa fa-check\" style=\"color: #81C418;\"><\/i>\r\n                                        <\/div>\r\n                                                                        <h2> Network administration <\/h2>\r\n                                    <p>This team maintains Ecritel's basic structure and customer network. It is available 24 hours a day, every day of the week, for immediate intervention.<\/p>                                                                <\/div>\r\n                                            <\/div>\r\n            <\/div>\r\n        <\/section>\r\n        \t\t<\/div>\n\t\t\t\t<\/div>\n\t\t\t\t\t\t<\/div>\n\t\t\t\t\t<\/div>\n\t\t<\/div>\n\t\t\t\t\t\t\t\t<\/div>\n\t\t\t\t\t<\/div>\n\t\t<\/section>\n\t\t\t\t<section class=\"elementor-section elementor-top-section elementor-element elementor-element-c661b15 elementor-section-boxed elementor-section-height-default elementor-section-height-default\" data-id=\"c661b15\" data-element_type=\"section\">\n\t\t\t\t\t\t<div class=\"elementor-container elementor-column-gap-default\">\n\t\t\t\t\t\t\t<div class=\"elementor-row\">\n\t\t\t\t\t<div class=\"elementor-column elementor-col-100 elementor-top-column elementor-element elementor-element-bd62616\" data-id=\"bd62616\" data-element_type=\"column\">\n\t\t\t<div class=\"elementor-column-wrap elementor-element-populated\">\n\t\t\t\t\t\t\t<div class=\"elementor-widget-wrap\">\n\t\t\t\t\t\t<div class=\"elementor-element elementor-element-2d4098a elementor-widget-divider--view-line elementor-widget elementor-widget-divider\" data-id=\"2d4098a\" data-element_type=\"widget\" data-widget_type=\"divider.default\">\n\t\t\t\t<div class=\"elementor-widget-container\">\n\t\t\t\t\t<div class=\"elementor-divider\">\n\t\t\t<span class=\"elementor-divider-separator\">\n\t\t\t\t\t\t<\/span>\n\t\t<\/div>\n\t\t\t\t<\/div>\n\t\t\t\t<\/div>\n\t\t\t\t\t\t<\/div>\n\t\t\t\t\t<\/div>\n\t\t<\/div>\n\t\t\t\t\t\t\t\t<\/div>\n\t\t\t\t\t<\/div>\n\t\t<\/section>\n\t\t\t\t<section class=\"elementor-section elementor-top-section elementor-element elementor-element-1eb1b26 bottom-btn elementor-section-boxed elementor-section-height-default elementor-section-height-default\" data-id=\"1eb1b26\" data-element_type=\"section\">\n\t\t\t\t\t\t<div class=\"elementor-container elementor-column-gap-default\">\n\t\t\t\t\t\t\t<div class=\"elementor-row\">\n\t\t\t\t\t<div class=\"elementor-column elementor-col-100 elementor-top-column elementor-element elementor-element-ff4d6c6\" data-id=\"ff4d6c6\" data-element_type=\"column\">\n\t\t\t<div class=\"elementor-column-wrap elementor-element-populated\">\n\t\t\t\t\t\t\t<div class=\"elementor-widget-wrap\">\n\t\t\t\t\t\t<section class=\"elementor-section elementor-inner-section elementor-element elementor-element-af0a728 elementor-section-boxed elementor-section-height-default elementor-section-height-default\" data-id=\"af0a728\" data-element_type=\"section\">\n\t\t\t\t\t\t<div class=\"elementor-container elementor-column-gap-default\">\n\t\t\t\t\t\t\t<div class=\"elementor-row\">\n\t\t\t\t\t<div class=\"elementor-column elementor-col-33 elementor-inner-column elementor-element elementor-element-1e358f8\" data-id=\"1e358f8\" data-element_type=\"column\">\n\t\t\t<div class=\"elementor-column-wrap elementor-element-populated\">\n\t\t\t\t\t\t\t<div class=\"elementor-widget-wrap\">\n\t\t\t\t\t\t<div class=\"elementor-element elementor-element-30d6118 elementor-align-center elementor-widget elementor-widget-button\" data-id=\"30d6118\" data-element_type=\"widget\" data-widget_type=\"button.default\">\n\t\t\t\t<div class=\"elementor-widget-container\">\n\t\t\t\t\t<div class=\"elementor-button-wrapper\">\n\t\t\t<a href=\"https:\/\/www.ecritel.ca\/en\/entreprise\/notre-histoire\/\" class=\"elementor-button-link elementor-button elementor-size-sm elementor-animation-shrink\" role=\"button\">\n\t\t\t\t\t\t<span class=\"elementor-button-content-wrapper\">\n\t\t\t\t\t\t<span class=\"elementor-button-icon elementor-align-icon-left\">\n\t\t\t\t<i aria-hidden=\"true\" class=\"fas fa-arrow-alt-circle-right\"><\/i>\t\t\t<\/span>\n\t\t\t\t\t\t<span class=\"elementor-button-text\">Our story<\/span>\n\t\t<\/span>\n\t\t\t\t\t<\/a>\n\t\t<\/div>\n\t\t\t\t<\/div>\n\t\t\t\t<\/div>\n\t\t\t\t\t\t<\/div>\n\t\t\t\t\t<\/div>\n\t\t<\/div>\n\t\t\t\t<div class=\"elementor-column elementor-col-33 elementor-inner-column elementor-element elementor-element-50313e5\" data-id=\"50313e5\" data-element_type=\"column\">\n\t\t\t<div class=\"elementor-column-wrap elementor-element-populated\">\n\t\t\t\t\t\t\t<div class=\"elementor-widget-wrap\">\n\t\t\t\t\t\t<div class=\"elementor-element elementor-element-da0d6c7 elementor-align-center elementor-widget elementor-widget-button\" data-id=\"da0d6c7\" data-element_type=\"widget\" data-widget_type=\"button.default\">\n\t\t\t\t<div class=\"elementor-widget-container\">\n\t\t\t\t\t<div class=\"elementor-button-wrapper\">\n\t\t\t<a href=\"https:\/\/www.ecritel.ca\/en\/entreprise\/localisation\/\" class=\"elementor-button-link elementor-button elementor-size-sm elementor-animation-shrink\" role=\"button\">\n\t\t\t\t\t\t<span class=\"elementor-button-content-wrapper\">\n\t\t\t\t\t\t<span class=\"elementor-button-icon elementor-align-icon-left\">\n\t\t\t\t<i aria-hidden=\"true\" class=\"fas fa-arrow-alt-circle-right\"><\/i>\t\t\t<\/span>\n\t\t\t\t\t\t<span class=\"elementor-button-text\">Location<\/span>\n\t\t<\/span>\n\t\t\t\t\t<\/a>\n\t\t<\/div>\n\t\t\t\t<\/div>\n\t\t\t\t<\/div>\n\t\t\t\t\t\t<\/div>\n\t\t\t\t\t<\/div>\n\t\t<\/div>\n\t\t\t\t<div class=\"elementor-column elementor-col-33 elementor-inner-column elementor-element elementor-element-588c47b\" data-id=\"588c47b\" data-element_type=\"column\">\n\t\t\t<div class=\"elementor-column-wrap elementor-element-populated\">\n\t\t\t\t\t\t\t<div class=\"elementor-widget-wrap\">\n\t\t\t\t\t\t<div class=\"elementor-element elementor-element-33ba232 elementor-align-center elementor-widget elementor-widget-button\" data-id=\"33ba232\" data-element_type=\"widget\" data-widget_type=\"button.default\">\n\t\t\t\t<div class=\"elementor-widget-container\">\n\t\t\t\t\t<div class=\"elementor-button-wrapper\">\n\t\t\t<a href=\"https:\/\/www.ecritel.ca\/en\/contact\/\" class=\"elementor-button-link elementor-button elementor-size-sm elementor-animation-shrink\" role=\"button\">\n\t\t\t\t\t\t<span class=\"elementor-button-content-wrapper\">\n\t\t\t\t\t\t<span class=\"elementor-button-icon elementor-align-icon-left\">\n\t\t\t\t<i aria-hidden=\"true\" class=\"far fa-comment\"><\/i>\t\t\t<\/span>\n\t\t\t\t\t\t<span class=\"elementor-button-text\">Contact us<\/span>\n\t\t<\/span>\n\t\t\t\t\t<\/a>\n\t\t<\/div>\n\t\t\t\t<\/div>\n\t\t\t\t<\/div>\n\t\t\t\t\t\t<\/div>\n\t\t\t\t\t<\/div>\n\t\t<\/div>\n\t\t\t\t\t\t\t\t<\/div>\n\t\t\t\t\t<\/div>\n\t\t<\/section>\n\t\t\t\t\t\t<\/div>\n\t\t\t\t\t<\/div>\n\t\t<\/div>\n\t\t\t\t\t\t\t\t<\/div>\n\t\t\t\t\t<\/div>\n\t\t<\/section>\n\t\t\t\t\t\t<\/div>\n\t\t\t\t\t\t<\/div>\n\t\t\t\t\t<\/div>","protected":false},"excerpt":{"rendered":"<p>\t\t\t\tNous disposons d&rsquo;une excellente \u00e9quipe d&rsquo;ing\u00e9nieurs qui se consacrent \u00e0 vos besoins.<\/p>","protected":false},"author":8,"featured_media":0,"parent":6572,"menu_order":14,"comment_status":"closed","ping_status":"closed","template":"elementor_header_footer","meta":{"footnotes":""},"yoast_head":"<!-- This site is optimized with the Yoast SEO plugin v22.0 - https:\/\/yoast.com\/wordpress\/plugins\/seo\/ -->\n<title>Notre \u00e9quipe - Ecritel Canada<\/title>\n<meta name=\"robots\" content=\"index, follow, max-snippet:-1, max-image-preview:large, max-video-preview:-1\" \/>\n<link rel=\"canonical\" href=\"https:\/\/www.ecritel.ca\/en\/entreprise\/notre-equipe\/\" \/>\n<meta property=\"og:locale\" content=\"en_US\" \/>\n<meta property=\"og:type\" content=\"article\" \/>\n<meta property=\"og:title\" content=\"Notre \u00e9quipe - Ecritel Canada\" \/>\n<meta property=\"og:description\" content=\"Nous disposons d&#039;une excellente \u00e9quipe d&#039;ing\u00e9nieurs qui se consacrent \u00e0 vos besoins.\" \/>\n<meta property=\"og:url\" content=\"https:\/\/www.ecritel.ca\/en\/entreprise\/notre-equipe\/\" \/>\n<meta property=\"og:site_name\" content=\"Ecritel Canada\" \/>\n<meta property=\"article:publisher\" content=\"https:\/\/www.facebook.com\/ecritelcloud\/\" \/>\n<meta property=\"article:modified_time\" content=\"2024-01-17T21:47:36+00:00\" \/>\n<meta name=\"twitter:card\" content=\"summary_large_image\" \/>\n<meta name=\"twitter:site\" content=\"@ecritel_cloud\" \/>\n<meta name=\"twitter:label1\" content=\"Est. reading time\" \/>\n\t<meta name=\"twitter:data1\" content=\"1 minute\" \/>\n<script type=\"application\/ld+json\" class=\"yoast-schema-graph\">{\"@context\":\"https:\/\/schema.org\",\"@graph\":[{\"@type\":\"WebPage\",\"@id\":\"https:\/\/www.ecritel.ca\/entreprise\/notre-equipe\/\",\"url\":\"https:\/\/www.ecritel.ca\/entreprise\/notre-equipe\/\",\"name\":\"Notre \u00e9quipe - Ecritel Canada\",\"isPartOf\":{\"@id\":\"https:\/\/www.ecritel.ca\/#website\"},\"datePublished\":\"2019-04-02T15:27:23+00:00\",\"dateModified\":\"2024-01-17T21:47:36+00:00\",\"breadcrumb\":{\"@id\":\"https:\/\/www.ecritel.ca\/entreprise\/notre-equipe\/#breadcrumb\"},\"inLanguage\":\"en-US\",\"potentialAction\":[{\"@type\":\"ReadAction\",\"target\":[\"https:\/\/www.ecritel.ca\/entreprise\/notre-equipe\/\"]}]},{\"@type\":\"BreadcrumbList\",\"@id\":\"https:\/\/www.ecritel.ca\/entreprise\/notre-equipe\/#breadcrumb\",\"itemListElement\":[{\"@type\":\"ListItem\",\"position\":1,\"name\":\"Accueil\",\"item\":\"https:\/\/www.ecritel.ca\/fr\/\"},{\"@type\":\"ListItem\",\"position\":2,\"name\":\"\u00c0 propos de nous\",\"item\":\"https:\/\/www.ecritel.ca\/entreprise\/\"},{\"@type\":\"ListItem\",\"position\":3,\"name\":\"Notre \u00e9quipe\"}]},{\"@type\":\"WebSite\",\"@id\":\"https:\/\/www.ecritel.ca\/#website\",\"url\":\"https:\/\/www.ecritel.ca\/\",\"name\":\"Ecritel Canada\",\"description\":\"Managed Hosting &amp; Cloud Computing\",\"publisher\":{\"@id\":\"https:\/\/www.ecritel.ca\/#organization\"},\"alternateName\":\"Ecritel\",\"potentialAction\":[{\"@type\":\"SearchAction\",\"target\":{\"@type\":\"EntryPoint\",\"urlTemplate\":\"https:\/\/www.ecritel.ca\/?s={search_term_string}\"},\"query-input\":\"required name=search_term_string\"}],\"inLanguage\":\"en-US\"},{\"@type\":\"Organization\",\"@id\":\"https:\/\/www.ecritel.ca\/#organization\",\"name\":\"Ecritel Canada\",\"alternateName\":\"Ecritel Inc.\",\"url\":\"https:\/\/www.ecritel.ca\/\",\"logo\":{\"@type\":\"ImageObject\",\"inLanguage\":\"en-US\",\"@id\":\"https:\/\/www.ecritel.ca\/#\/schema\/logo\/image\/\",\"url\":\"https:\/\/www.ecritel.ca\/wp-content\/uploads\/2021\/08\/logo-ecritel-main-color-2x-1-1.png\",\"contentUrl\":\"https:\/\/www.ecritel.ca\/wp-content\/uploads\/2021\/08\/logo-ecritel-main-color-2x-1-1.png\",\"width\":120,\"height\":48,\"caption\":\"Ecritel Canada\"},\"image\":{\"@id\":\"https:\/\/www.ecritel.ca\/#\/schema\/logo\/image\/\"},\"sameAs\":[\"https:\/\/www.facebook.com\/ecritelcloud\/\",\"https:\/\/twitter.com\/ecritel_cloud\"]}]}<\/script>\n<!-- \/ Yoast SEO plugin. -->","yoast_head_json":{"title":"Notre \u00e9quipe - Ecritel Canada","robots":{"index":"index","follow":"follow","max-snippet":"max-snippet:-1","max-image-preview":"max-image-preview:large","max-video-preview":"max-video-preview:-1"},"canonical":"https:\/\/www.ecritel.ca\/en\/entreprise\/notre-equipe\/","og_locale":"en_US","og_type":"article","og_title":"Notre \u00e9quipe - Ecritel Canada","og_description":"Nous disposons d'une excellente \u00e9quipe d'ing\u00e9nieurs qui se consacrent \u00e0 vos besoins.","og_url":"https:\/\/www.ecritel.ca\/en\/entreprise\/notre-equipe\/","og_site_name":"Ecritel Canada","article_publisher":"https:\/\/www.facebook.com\/ecritelcloud\/","article_modified_time":"2024-01-17T21:47:36+00:00","twitter_card":"summary_large_image","twitter_site":"@ecritel_cloud","twitter_misc":{"Est. reading time":"1 minute"},"schema":{"@context":"https:\/\/schema.org","@graph":[{"@type":"WebPage","@id":"https:\/\/www.ecritel.ca\/entreprise\/notre-equipe\/","url":"https:\/\/www.ecritel.ca\/entreprise\/notre-equipe\/","name":"Notre \u00e9quipe - Ecritel Canada","isPartOf":{"@id":"https:\/\/www.ecritel.ca\/#website"},"datePublished":"2019-04-02T15:27:23+00:00","dateModified":"2024-01-17T21:47:36+00:00","breadcrumb":{"@id":"https:\/\/www.ecritel.ca\/entreprise\/notre-equipe\/#breadcrumb"},"inLanguage":"en-US","potentialAction":[{"@type":"ReadAction","target":["https:\/\/www.ecritel.ca\/entreprise\/notre-equipe\/"]}]},{"@type":"BreadcrumbList","@id":"https:\/\/www.ecritel.ca\/entreprise\/notre-equipe\/#breadcrumb","itemListElement":[{"@type":"ListItem","position":1,"name":"Accueil","item":"https:\/\/www.ecritel.ca\/fr\/"},{"@type":"ListItem","position":2,"name":"\u00c0 propos de nous","item":"https:\/\/www.ecritel.ca\/entreprise\/"},{"@type":"ListItem","position":3,"name":"Notre \u00e9quipe"}]},{"@type":"WebSite","@id":"https:\/\/www.ecritel.ca\/#website","url":"https:\/\/www.ecritel.ca\/","name":"Ecritel Canada","description":"Managed Hosting &amp; Cloud Computing","publisher":{"@id":"https:\/\/www.ecritel.ca\/#organization"},"alternateName":"Ecritel","potentialAction":[{"@type":"SearchAction","target":{"@type":"EntryPoint","urlTemplate":"https:\/\/www.ecritel.ca\/?s={search_term_string}"},"query-input":"required name=search_term_string"}],"inLanguage":"en-US"},{"@type":"Organization","@id":"https:\/\/www.ecritel.ca\/#organization","name":"Ecritel Canada","alternateName":"Ecritel Inc.","url":"https:\/\/www.ecritel.ca\/","logo":{"@type":"ImageObject","inLanguage":"en-US","@id":"https:\/\/www.ecritel.ca\/#\/schema\/logo\/image\/","url":"https:\/\/www.ecritel.ca\/wp-content\/uploads\/2021\/08\/logo-ecritel-main-color-2x-1-1.png","contentUrl":"https:\/\/www.ecritel.ca\/wp-content\/uploads\/2021\/08\/logo-ecritel-main-color-2x-1-1.png","width":120,"height":48,"caption":"Ecritel Canada"},"image":{"@id":"https:\/\/www.ecritel.ca\/#\/schema\/logo\/image\/"},"sameAs":["https:\/\/www.facebook.com\/ecritelcloud\/","https:\/\/twitter.com\/ecritel_cloud"]}]}},"_links":{"self":[{"href":"https:\/\/www.ecritel.ca\/en\/wp-json\/wp\/v2\/pages\/2641"}],"collection":[{"href":"https:\/\/www.ecritel.ca\/en\/wp-json\/wp\/v2\/pages"}],"about":[{"href":"https:\/\/www.ecritel.ca\/en\/wp-json\/wp\/v2\/types\/page"}],"author":[{"embeddable":true,"href":"https:\/\/www.ecritel.ca\/en\/wp-json\/wp\/v2\/users\/8"}],"replies":[{"embeddable":true,"href":"https:\/\/www.ecritel.ca\/en\/wp-json\/wp\/v2\/comments?post=2641"}],"version-history":[{"count":77,"href":"https:\/\/www.ecritel.ca\/en\/wp-json\/wp\/v2\/pages\/2641\/revisions"}],"predecessor-version":[{"id":9784,"href":"https:\/\/www.ecritel.ca\/en\/wp-json\/wp\/v2\/pages\/2641\/revisions\/9784"}],"up":[{"embeddable":true,"href":"https:\/\/www.ecritel.ca\/en\/wp-json\/wp\/v2\/pages\/6572"}],"wp:attachment":[{"href":"https:\/\/www.ecritel.ca\/en\/wp-json\/wp\/v2\/media?parent=2641"}],"curies":[{"name":"wp","href":"https:\/\/api.w.org\/{rel}","templated":true}]}}