{"id":9843,"date":"2024-01-17T09:52:33","date_gmt":"2024-01-17T14:52:33","guid":{"rendered":"https:\/\/www.ecritel.ca\/?page_id=9843"},"modified":"2024-01-19T09:10:59","modified_gmt":"2024-01-19T14:10:59","slug":"plan-du-site","status":"publish","type":"page","link":"https:\/\/www.ecritel.ca\/en\/plan-du-site\/","title":{"rendered":"Site map"},"content":{"rendered":"<div data-elementor-type=\"wp-page\" data-elementor-id=\"9843\" class=\"elementor elementor-9843\" data-elementor-settings=\"[]\">\n\t\t\t\t\t\t<div class=\"elementor-inner\">\n\t\t\t\t\t\t\t<div class=\"elementor-section-wrap\">\n\t\t\t\t\t\t\t<section class=\"elementor-section elementor-top-section elementor-element elementor-element-f5ba7c2 elementor-section-boxed elementor-section-height-default elementor-section-height-default\" data-id=\"f5ba7c2\" data-element_type=\"section\">\n\t\t\t\t\t\t<div class=\"elementor-container elementor-column-gap-default\">\n\t\t\t\t\t\t\t<div class=\"elementor-row\">\n\t\t\t\t\t<div class=\"elementor-column elementor-col-100 elementor-top-column elementor-element elementor-element-3403439\" data-id=\"3403439\" data-element_type=\"column\">\n\t\t\t<div class=\"elementor-column-wrap elementor-element-populated\">\n\t\t\t\t\t\t\t<div class=\"elementor-widget-wrap\">\n\t\t\t\t\t\t<div class=\"elementor-element elementor-element-ec83b86 elementor-widget elementor-widget-html\" data-id=\"ec83b86\" data-element_type=\"widget\" data-widget_type=\"html.default\">\n\t\t\t\t<div class=\"elementor-widget-container\">\n\t\t\t<nav>\n    <ul>\n        <h5>Our solutions<\/h5>\n            <ul>\n                <li><a href=\"https:\/\/www.ecritel.ca\/en\/nos-solutions\/nuage-infogere\/\">Managed cloud<\/a><\/li>\n                <li><a href=\"https:\/\/www.ecritel.ca\/en\/nos-solutions\/e-commerce\/\">E-commerce<\/a><\/li>\n                <li><a href=\"https:\/\/www.ecritel.ca\/en\/nos-solutions\/acceleration-de-contenus\/\">Content acceleration<\/a><\/li>\n                <li><a href=\"https:\/\/www.ecritel.ca\/en\/nos-solutions\/solutions-personnalises\/\">Customized solutions<\/a><\/li>\n                <li><a href=\"https:\/\/www.ecritel.ca\/en\/nos-solutions\/nuage\/\">Public, private and hybrid clouds<\/a><\/li>\n                <li><a href=\"https:\/\/www.ecritel.ca\/en\/nos-solutions\/sauvegarde\/\">Backup<\/a><\/li>\n            <\/ul>\n        \n        <br>\n        <h5>Why Ecritel?<\/h5>\n            <ul>\n                <li><a href=\"https:\/\/www.ecritel.ca\/en\/pourquoi-ecritel\/presence-internationale\/\">International presence<\/a><\/li>\n                <li><a href=\"https:\/\/www.ecritel.ca\/en\/pourquoi-ecritel\/infrastructures\/\">Infrastructure<\/a><\/li>\n                <li><a href=\"https:\/\/www.ecritel.ca\/en\/pourquoi-ecritel\/securite\/\">Security<\/a><\/li>\n                <li><a href=\"https:\/\/www.ecritel.ca\/en\/pourquoi-ecritel\/partenaires\/\">Partners<\/a><\/li>\n            <\/ul>\n\n        <br>     \n        <h5>About the company<\/h5>\n            <ul>\n                <li><a href=\"https:\/\/www.ecritel.ca\/en\/entreprise\/notre-histoire\/\">Our story<\/a><\/li>\n                <li><a href=\"https:\/\/www.ecritel.ca\/en\/entreprise\/notre-equipe\/\">Our team<\/a><\/li>\n                <li><a href=\"https:\/\/www.ecritel.ca\/en\/entreprise\/localisation\/\">Location<\/a><\/li>\n            <\/ul>\n\n        <br>\n        <h5>Career<\/h5>\n            <ul>\n                <li><a href=\"https:\/\/www.ecritel.ca\/en\/carriere\/politique-rh\/\">HR Policy<\/a><\/li>\n                <li><a href=\"https:\/\/www.ecritel.ca\/en\/carriere\/nos-valeurs\/\">Our values<\/a><\/li>\n            <\/ul>\n        <\/li>\n        <br>\n        <h5>Other links<\/h5>\n            <ul>\n                <li><a href=\"https:\/\/www.ecritel.ca\/en\/\">Home page<\/a><\/li>\n                <li><a href=\"https:\/\/www.ecritel.ca\/en\/contact\/\">Contact<\/a><\/li>\n                <li><a href=\"https:\/\/www.ecritel.ca\/en\/plan-du-site\/\">Site map<\/a><\/li>\n                <li><a href=\"https:\/\/www.ecritel.ca\/en\/politiques-de-confidentialites\/\">Privacy policy<\/a><\/li>\n                <li><a href=\"https:\/\/www.ecritel.fr\/fr\/carriere\/nos-offres-demploi\/\">Apply now <\/a><i>(lien externe)<\/i><\/li>\n            <\/ul>\n    <\/ul>\n<\/nav>\t\t<\/div>\n\t\t\t\t<\/div>\n\t\t\t\t\t\t<\/div>\n\t\t\t\t\t<\/div>\n\t\t<\/div>\n\t\t\t\t\t\t\t\t<\/div>\n\t\t\t\t\t<\/div>\n\t\t<\/section>\n\t\t\t\t\t\t<\/div>\n\t\t\t\t\t\t<\/div>\n\t\t\t\t\t<\/div>","protected":false},"excerpt":{"rendered":"<p>Nos Solutions Nuage infog\u00e9r\u00e9 E-commerce Acc\u00e9l\u00e9ration de contenus Solutions personnalis\u00e9es Nuage publique, priv\u00e9 et hybride Sauvegarde Pourquoi Ecritel ? Pr\u00e9sence internationale Infrastructures S\u00e9curit\u00e9 Partenaires \u00c0 propos de nous Notre histoire Notre \u00e9quipe Localisation Carri\u00e8re Politique RH Nos valeurs Autres liens Page d&rsquo;accueil Contact Plan du site Politiques de confidentialit\u00e9s Postuler (lien externe)<\/p>","protected":false},"author":11,"featured_media":0,"parent":0,"menu_order":21,"comment_status":"closed","ping_status":"closed","template":"elementor_header_footer","meta":{"footnotes":""},"yoast_head":"<!-- This site is optimized with the Yoast SEO plugin v22.0 - https:\/\/yoast.com\/wordpress\/plugins\/seo\/ -->\n<title>Plan du site - Ecritel Canada<\/title>\n<meta name=\"robots\" content=\"index, follow, max-snippet:-1, max-image-preview:large, max-video-preview:-1\" \/>\n<link rel=\"canonical\" href=\"https:\/\/www.ecritel.ca\/en\/plan-du-site\/\" \/>\n<meta property=\"og:locale\" content=\"en_US\" \/>\n<meta property=\"og:type\" content=\"article\" \/>\n<meta property=\"og:title\" content=\"Plan du site - Ecritel Canada\" \/>\n<meta property=\"og:description\" content=\"Nos Solutions Nuage infog\u00e9r\u00e9 E-commerce Acc\u00e9l\u00e9ration de contenus Solutions personnalis\u00e9es Nuage publique, priv\u00e9 et hybride Sauvegarde Pourquoi Ecritel ? Pr\u00e9sence internationale Infrastructures S\u00e9curit\u00e9 Partenaires \u00c0 propos de nous Notre histoire Notre \u00e9quipe Localisation Carri\u00e8re Politique RH Nos valeurs Autres liens Page d&rsquo;accueil Contact Plan du site Politiques de confidentialit\u00e9s Postuler (lien externe)\" \/>\n<meta property=\"og:url\" content=\"https:\/\/www.ecritel.ca\/en\/plan-du-site\/\" \/>\n<meta property=\"og:site_name\" content=\"Ecritel Canada\" \/>\n<meta property=\"article:publisher\" content=\"https:\/\/www.facebook.com\/ecritelcloud\/\" \/>\n<meta property=\"article:modified_time\" content=\"2024-01-19T14:10:59+00:00\" \/>\n<meta name=\"twitter:card\" content=\"summary_large_image\" \/>\n<meta name=\"twitter:site\" content=\"@ecritel_cloud\" \/>\n<script type=\"application\/ld+json\" class=\"yoast-schema-graph\">{\"@context\":\"https:\/\/schema.org\",\"@graph\":[{\"@type\":\"WebPage\",\"@id\":\"https:\/\/www.ecritel.ca\/plan-du-site\/\",\"url\":\"https:\/\/www.ecritel.ca\/plan-du-site\/\",\"name\":\"Plan du site - Ecritel Canada\",\"isPartOf\":{\"@id\":\"https:\/\/www.ecritel.ca\/#website\"},\"datePublished\":\"2024-01-17T14:52:33+00:00\",\"dateModified\":\"2024-01-19T14:10:59+00:00\",\"breadcrumb\":{\"@id\":\"https:\/\/www.ecritel.ca\/plan-du-site\/#breadcrumb\"},\"inLanguage\":\"en-US\",\"potentialAction\":[{\"@type\":\"ReadAction\",\"target\":[\"https:\/\/www.ecritel.ca\/plan-du-site\/\"]}]},{\"@type\":\"BreadcrumbList\",\"@id\":\"https:\/\/www.ecritel.ca\/plan-du-site\/#breadcrumb\",\"itemListElement\":[{\"@type\":\"ListItem\",\"position\":1,\"name\":\"Accueil\",\"item\":\"https:\/\/www.ecritel.ca\/fr\/\"},{\"@type\":\"ListItem\",\"position\":2,\"name\":\"Plan du site\"}]},{\"@type\":\"WebSite\",\"@id\":\"https:\/\/www.ecritel.ca\/#website\",\"url\":\"https:\/\/www.ecritel.ca\/\",\"name\":\"Ecritel Canada\",\"description\":\"Managed Hosting &amp; Cloud Computing\",\"publisher\":{\"@id\":\"https:\/\/www.ecritel.ca\/#organization\"},\"alternateName\":\"Ecritel\",\"potentialAction\":[{\"@type\":\"SearchAction\",\"target\":{\"@type\":\"EntryPoint\",\"urlTemplate\":\"https:\/\/www.ecritel.ca\/?s={search_term_string}\"},\"query-input\":\"required name=search_term_string\"}],\"inLanguage\":\"en-US\"},{\"@type\":\"Organization\",\"@id\":\"https:\/\/www.ecritel.ca\/#organization\",\"name\":\"Ecritel Canada\",\"alternateName\":\"Ecritel Inc.\",\"url\":\"https:\/\/www.ecritel.ca\/\",\"logo\":{\"@type\":\"ImageObject\",\"inLanguage\":\"en-US\",\"@id\":\"https:\/\/www.ecritel.ca\/#\/schema\/logo\/image\/\",\"url\":\"https:\/\/www.ecritel.ca\/wp-content\/uploads\/2021\/08\/logo-ecritel-main-color-2x-1-1.png\",\"contentUrl\":\"https:\/\/www.ecritel.ca\/wp-content\/uploads\/2021\/08\/logo-ecritel-main-color-2x-1-1.png\",\"width\":120,\"height\":48,\"caption\":\"Ecritel Canada\"},\"image\":{\"@id\":\"https:\/\/www.ecritel.ca\/#\/schema\/logo\/image\/\"},\"sameAs\":[\"https:\/\/www.facebook.com\/ecritelcloud\/\",\"https:\/\/twitter.com\/ecritel_cloud\"]}]}<\/script>\n<!-- \/ Yoast SEO plugin. -->","yoast_head_json":{"title":"Plan du site - Ecritel Canada","robots":{"index":"index","follow":"follow","max-snippet":"max-snippet:-1","max-image-preview":"max-image-preview:large","max-video-preview":"max-video-preview:-1"},"canonical":"https:\/\/www.ecritel.ca\/en\/plan-du-site\/","og_locale":"en_US","og_type":"article","og_title":"Plan du site - Ecritel Canada","og_description":"Nos Solutions Nuage infog\u00e9r\u00e9 E-commerce Acc\u00e9l\u00e9ration de contenus Solutions personnalis\u00e9es Nuage publique, priv\u00e9 et hybride Sauvegarde Pourquoi Ecritel ? Pr\u00e9sence internationale Infrastructures S\u00e9curit\u00e9 Partenaires \u00c0 propos de nous Notre histoire Notre \u00e9quipe Localisation Carri\u00e8re Politique RH Nos valeurs Autres liens Page d&rsquo;accueil Contact Plan du site Politiques de confidentialit\u00e9s Postuler (lien externe)","og_url":"https:\/\/www.ecritel.ca\/en\/plan-du-site\/","og_site_name":"Ecritel Canada","article_publisher":"https:\/\/www.facebook.com\/ecritelcloud\/","article_modified_time":"2024-01-19T14:10:59+00:00","twitter_card":"summary_large_image","twitter_site":"@ecritel_cloud","schema":{"@context":"https:\/\/schema.org","@graph":[{"@type":"WebPage","@id":"https:\/\/www.ecritel.ca\/plan-du-site\/","url":"https:\/\/www.ecritel.ca\/plan-du-site\/","name":"Plan du site - Ecritel Canada","isPartOf":{"@id":"https:\/\/www.ecritel.ca\/#website"},"datePublished":"2024-01-17T14:52:33+00:00","dateModified":"2024-01-19T14:10:59+00:00","breadcrumb":{"@id":"https:\/\/www.ecritel.ca\/plan-du-site\/#breadcrumb"},"inLanguage":"en-US","potentialAction":[{"@type":"ReadAction","target":["https:\/\/www.ecritel.ca\/plan-du-site\/"]}]},{"@type":"BreadcrumbList","@id":"https:\/\/www.ecritel.ca\/plan-du-site\/#breadcrumb","itemListElement":[{"@type":"ListItem","position":1,"name":"Accueil","item":"https:\/\/www.ecritel.ca\/fr\/"},{"@type":"ListItem","position":2,"name":"Plan du site"}]},{"@type":"WebSite","@id":"https:\/\/www.ecritel.ca\/#website","url":"https:\/\/www.ecritel.ca\/","name":"Ecritel Canada","description":"Managed Hosting &amp; Cloud Computing","publisher":{"@id":"https:\/\/www.ecritel.ca\/#organization"},"alternateName":"Ecritel","potentialAction":[{"@type":"SearchAction","target":{"@type":"EntryPoint","urlTemplate":"https:\/\/www.ecritel.ca\/?s={search_term_string}"},"query-input":"required name=search_term_string"}],"inLanguage":"en-US"},{"@type":"Organization","@id":"https:\/\/www.ecritel.ca\/#organization","name":"Ecritel Canada","alternateName":"Ecritel Inc.","url":"https:\/\/www.ecritel.ca\/","logo":{"@type":"ImageObject","inLanguage":"en-US","@id":"https:\/\/www.ecritel.ca\/#\/schema\/logo\/image\/","url":"https:\/\/www.ecritel.ca\/wp-content\/uploads\/2021\/08\/logo-ecritel-main-color-2x-1-1.png","contentUrl":"https:\/\/www.ecritel.ca\/wp-content\/uploads\/2021\/08\/logo-ecritel-main-color-2x-1-1.png","width":120,"height":48,"caption":"Ecritel Canada"},"image":{"@id":"https:\/\/www.ecritel.ca\/#\/schema\/logo\/image\/"},"sameAs":["https:\/\/www.facebook.com\/ecritelcloud\/","https:\/\/twitter.com\/ecritel_cloud"]}]}},"_links":{"self":[{"href":"https:\/\/www.ecritel.ca\/en\/wp-json\/wp\/v2\/pages\/9843"}],"collection":[{"href":"https:\/\/www.ecritel.ca\/en\/wp-json\/wp\/v2\/pages"}],"about":[{"href":"https:\/\/www.ecritel.ca\/en\/wp-json\/wp\/v2\/types\/page"}],"author":[{"embeddable":true,"href":"https:\/\/www.ecritel.ca\/en\/wp-json\/wp\/v2\/users\/11"}],"replies":[{"embeddable":true,"href":"https:\/\/www.ecritel.ca\/en\/wp-json\/wp\/v2\/comments?post=9843"}],"version-history":[{"count":52,"href":"https:\/\/www.ecritel.ca\/en\/wp-json\/wp\/v2\/pages\/9843\/revisions"}],"predecessor-version":[{"id":9912,"href":"https:\/\/www.ecritel.ca\/en\/wp-json\/wp\/v2\/pages\/9843\/revisions\/9912"}],"wp:attachment":[{"href":"https:\/\/www.ecritel.ca\/en\/wp-json\/wp\/v2\/media?parent=9843"}],"curies":[{"name":"wp","href":"https:\/\/api.w.org\/{rel}","templated":true}]}}