{"id":5830,"date":"2020-06-09T15:27:40","date_gmt":"2020-06-09T20:27:40","guid":{"rendered":"https:\/\/www.ecritel.com.br\/?page_id=5830"},"modified":"2024-01-17T16:36:04","modified_gmt":"2024-01-17T21:36:04","slug":"sauvegarde","status":"publish","type":"page","link":"https:\/\/www.ecritel.ca\/fr\/nos-solutions\/sauvegarde\/","title":{"rendered":"Sauvegarde"},"content":{"rendered":"\t\t<div data-elementor-type=\"wp-post\" data-elementor-id=\"5830\" class=\"elementor elementor-5830\" data-elementor-settings=\"[]\">\n\t\t\t\t\t\t<div class=\"elementor-inner\">\n\t\t\t\t\t\t\t<div class=\"elementor-section-wrap\">\n\t\t\t\t\t\t\t<section class=\"elementor-section elementor-top-section elementor-element elementor-element-dd7505e elementor-section-boxed elementor-section-height-default elementor-section-height-default\" data-id=\"dd7505e\" data-element_type=\"section\">\n\t\t\t\t\t\t<div class=\"elementor-container elementor-column-gap-default\">\n\t\t\t\t\t\t\t<div class=\"elementor-row\">\n\t\t\t\t\t<div class=\"elementor-column elementor-col-100 elementor-top-column elementor-element elementor-element-5a25123\" data-id=\"5a25123\" data-element_type=\"column\">\n\t\t\t<div class=\"elementor-column-wrap elementor-element-populated\">\n\t\t\t\t\t\t\t<div class=\"elementor-widget-wrap\">\n\t\t\t\t\t\t<div class=\"elementor-element elementor-element-1ef992e margin-fix remove-margin-h2 remove-top-m elementor-widget elementor-widget-saasland_services_shapes\" data-id=\"1ef992e\" data-element_type=\"widget\" data-widget_type=\"saasland_services_shapes.default\">\n\t\t\t\t<div class=\"elementor-widget-container\">\n\t\t\t       <!--============ Car Testimonial Area ==============-->\r\n        <section class=\"service_promo_area\">\r\n        <div class=\"shape_top\">\r\n            \r\n            \r\n            \r\n                     <\/div>\r\n         <div class=\"s_service_section\">\r\n             <div class=\"container custom_container\">\r\n                     <h2 class=\"f_p f_size_30 l_height50 f_600 t_color text-center\">\r\n                         Nos solutions de sauvegarde                     <\/h2>\r\n\r\n                                  <div class=\"row s_service_info mt_70\">\r\n                                      <div class=\"col-lg-4 col-sm-6\">\r\n                     <div class=\"s_service_item elementor-repeater-item-f310ed2\">\r\n                         <div class=\"icon icon_1\">\r\n                             <i class=\"ti-check\"><\/i>\r\n                         <\/div>\r\n                         <h5 class=\"f_p f_size_20 f_600 t_color color_box\"> Sauvegarde mutualis\u00e9e standard <\/h5>\r\n                         <p class=\"l_height28\"> Notre offre standard assure la sauvegarde quotidienne (7\/7 jours), hebdomadaire et mensuelle des syst\u00e8mes h\u00e9berg\u00e9s et d\u00e9crit notre politique de r\u00e9tention des donn\u00e9es. <\/p>\r\n                                              <\/div>\r\n                     <\/div>\r\n                                      <div class=\"col-lg-4 col-sm-6\">\r\n                     <div class=\"s_service_item elementor-repeater-item-ab2b779\">\r\n                         <div class=\"icon icon_1\">\r\n                             <i class=\"ti-check\"><\/i>\r\n                         <\/div>\r\n                         <h5 class=\"f_p f_size_20 f_600 t_color color_box\"> Sauvegarde d\u00e9di\u00e9e sur mesure <\/h5>\r\n                         <p class=\"l_height28\"> \u00c0 la mise en place de l\u2019h\u00e9bergement, vous d\u00e9finissez votre propre strat\u00e9gie de sauvegarde : les donn\u00e9es et le volume \u00e0 sauvegarder quotidiennement, les r\u00e8gles de r\u00e9tention et le choix du mat\u00e9riel. <\/p>\r\n                                              <\/div>\r\n                     <\/div>\r\n                                      <div class=\"col-lg-4 col-sm-6\">\r\n                     <div class=\"s_service_item elementor-repeater-item-10e5751\">\r\n                         <div class=\"icon icon_1\">\r\n                             <i class=\"ti-check\"><\/i>\r\n                         <\/div>\r\n                         <h5 class=\"f_p f_size_20 f_600 t_color color_box\"> Suivi des sauvegardes <\/h5>\r\n                         <p class=\"l_height28\"> Notre syst\u00e8me de supervision centralis\u00e9, nous permet de v\u00e9rifier quotidiennement le bon fonctionnement des sauvegardes et de proc\u00e9der \u00e0 des contr\u00f4les qualit\u00e9. <\/p>\r\n                                              <\/div>\r\n                     <\/div>\r\n                                                   <\/div>\r\n             <\/div>\r\n         <\/div>\r\n                 <\/section>\r\n       \t\t<\/div>\n\t\t\t\t<\/div>\n\t\t\t\t\t\t<\/div>\n\t\t\t\t\t<\/div>\n\t\t<\/div>\n\t\t\t\t\t\t\t\t<\/div>\n\t\t\t\t\t<\/div>\n\t\t<\/section>\n\t\t\t\t<section class=\"elementor-section elementor-top-section elementor-element elementor-element-f19b03b padding-fix remove-top-fix elementor-section-boxed elementor-section-height-default elementor-section-height-default\" data-id=\"f19b03b\" data-element_type=\"section\">\n\t\t\t\t\t\t\t<div class=\"elementor-background-overlay\"><\/div>\n\t\t\t\t\t\t\t<div class=\"elementor-container elementor-column-gap-no\">\n\t\t\t\t\t\t\t<div class=\"elementor-row\">\n\t\t\t\t\t<div class=\"elementor-column elementor-col-100 elementor-top-column elementor-element elementor-element-b690221\" data-id=\"b690221\" data-element_type=\"column\">\n\t\t\t<div class=\"elementor-column-wrap elementor-element-populated\">\n\t\t\t\t\t\t\t<div class=\"elementor-widget-wrap\">\n\t\t\t\t\t\t<div class=\"elementor-element elementor-element-fde424c remove-padding remove-padding-p elementor-widget elementor-widget-saasland_appart_features\" data-id=\"fde424c\" data-element_type=\"widget\" data-widget_type=\"saasland_appart_features.default\">\n\t\t\t\t<div class=\"elementor-widget-container\">\n\t\t\t        <section class=\"features-area-five features-area-six\">\r\n                        <div class=\"container\">\r\n                <div class=\"title-four text-center\">\r\n                     <h2> Externalisation de Sauvegarde <\/h2>                      <p>Ecritel peut int\u00e9grer la sauvegarde de vos serveurs situ\u00e9s en dehors de la plateforme d\u2019h\u00e9bergement.<\/p>\n                <\/div>\r\n                <div class=\"row \">\r\n                                                <div class=\"col-md-6 col-sm-6 feature-five-item align_left\">\r\n                                                                        <div class=\"round\">\r\n                                            <i class=\"fa fa-check\" style=\"color: #81C418;\"><\/i>\r\n                                        <\/div>\r\n                                                                        <h2> Solutions externalis\u00e9es <\/h2>\r\n                                    <p>Ecritel vous propose des solutions d\u2019interconnexion de votre r\u00e9seau avec notre syst\u00e8me de sauvegarde ou une solution de sauvegarde \u00e0 distance totalement sp\u00e9cifique, bas\u00e9e sur une liaison d\u00e9di\u00e9e \u00e0 la sauvegarde.<\/p>                                                                <\/div>\r\n                                                        <div class=\"col-md-6 col-sm-6 feature-five-item align_left\">\r\n                                                                        <div class=\"round\">\r\n                                            <i class=\"fa fa-check\" style=\"color: #81C418;\"><\/i>\r\n                                        <\/div>\r\n                                                                        <h2> Plan de reprise d\u2019activit\u00e9 <\/h2>\r\n                                    <p>Nous pouvons minimiser les temps d'arr\u00eat et remettre rapidement votre infrastructure en \u00e9tat de marche. <\/p>                                                                <\/div>\r\n                                            <\/div>\r\n            <\/div>\r\n        <\/section>\r\n        \t\t<\/div>\n\t\t\t\t<\/div>\n\t\t\t\t\t\t<\/div>\n\t\t\t\t\t<\/div>\n\t\t<\/div>\n\t\t\t\t\t\t\t\t<\/div>\n\t\t\t\t\t<\/div>\n\t\t<\/section>\n\t\t\t\t<section class=\"elementor-section elementor-top-section elementor-element elementor-element-2cedfe8 elementor-section-boxed elementor-section-height-default elementor-section-height-default\" data-id=\"2cedfe8\" data-element_type=\"section\">\n\t\t\t\t\t\t<div class=\"elementor-container elementor-column-gap-default\">\n\t\t\t\t\t\t\t<div class=\"elementor-row\">\n\t\t\t\t\t<div class=\"elementor-column elementor-col-100 elementor-top-column elementor-element elementor-element-b213be9\" data-id=\"b213be9\" data-element_type=\"column\">\n\t\t\t<div class=\"elementor-column-wrap elementor-element-populated\">\n\t\t\t\t\t\t\t<div class=\"elementor-widget-wrap\">\n\t\t\t\t\t\t<div class=\"elementor-element elementor-element-c6877e7 elementor-widget-divider--view-line elementor-widget elementor-widget-divider\" data-id=\"c6877e7\" data-element_type=\"widget\" data-widget_type=\"divider.default\">\n\t\t\t\t<div class=\"elementor-widget-container\">\n\t\t\t\t\t<div class=\"elementor-divider\">\n\t\t\t<span class=\"elementor-divider-separator\">\n\t\t\t\t\t\t<\/span>\n\t\t<\/div>\n\t\t\t\t<\/div>\n\t\t\t\t<\/div>\n\t\t\t\t\t\t<\/div>\n\t\t\t\t\t<\/div>\n\t\t<\/div>\n\t\t\t\t\t\t\t\t<\/div>\n\t\t\t\t\t<\/div>\n\t\t<\/section>\n\t\t\t\t<section class=\"elementor-section elementor-top-section elementor-element elementor-element-d79a01f bottom-btn elementor-section-boxed elementor-section-height-default elementor-section-height-default\" data-id=\"d79a01f\" data-element_type=\"section\">\n\t\t\t\t\t\t<div class=\"elementor-container elementor-column-gap-default\">\n\t\t\t\t\t\t\t<div class=\"elementor-row\">\n\t\t\t\t\t<div class=\"elementor-column elementor-col-100 elementor-top-column elementor-element elementor-element-4d9b1df\" data-id=\"4d9b1df\" data-element_type=\"column\">\n\t\t\t<div class=\"elementor-column-wrap elementor-element-populated\">\n\t\t\t\t\t\t\t<div class=\"elementor-widget-wrap\">\n\t\t\t\t\t\t<div class=\"elementor-element elementor-element-7028ea6 elementor-widget elementor-widget-heading\" data-id=\"7028ea6\" data-element_type=\"widget\" data-widget_type=\"heading.default\">\n\t\t\t\t<div class=\"elementor-widget-container\">\n\t\t\t<h2 class=\"elementor-heading-title elementor-size-default\">Consulter d'autres produits et services<\/h2>\t\t<\/div>\n\t\t\t\t<\/div>\n\t\t\t\t<section class=\"elementor-section elementor-inner-section elementor-element elementor-element-268690e elementor-section-boxed elementor-section-height-default elementor-section-height-default\" data-id=\"268690e\" data-element_type=\"section\">\n\t\t\t\t\t\t<div class=\"elementor-container elementor-column-gap-default\">\n\t\t\t\t\t\t\t<div class=\"elementor-row\">\n\t\t\t\t\t<div class=\"elementor-column elementor-col-50 elementor-inner-column elementor-element elementor-element-f194848\" data-id=\"f194848\" data-element_type=\"column\">\n\t\t\t<div class=\"elementor-column-wrap elementor-element-populated\">\n\t\t\t\t\t\t\t<div class=\"elementor-widget-wrap\">\n\t\t\t\t\t\t<div class=\"elementor-element elementor-element-33d7336 elementor-align-center elementor-widget elementor-widget-button\" data-id=\"33d7336\" data-element_type=\"widget\" data-widget_type=\"button.default\">\n\t\t\t\t<div class=\"elementor-widget-container\">\n\t\t\t\t\t<div class=\"elementor-button-wrapper\">\n\t\t\t<a href=\"\/produits-et-services\/sauvegarde\" class=\"elementor-button-link elementor-button elementor-size-sm elementor-animation-shrink\" role=\"button\">\n\t\t\t\t\t\t<span class=\"elementor-button-content-wrapper\">\n\t\t\t\t\t\t<span class=\"elementor-button-icon elementor-align-icon-left\">\n\t\t\t\t<i aria-hidden=\"true\" class=\"fas fa-arrow-alt-circle-right\"><\/i>\t\t\t<\/span>\n\t\t\t\t\t\t<span class=\"elementor-button-text\">Offres infonuagique - IaaS<\/span>\n\t\t<\/span>\n\t\t\t\t\t<\/a>\n\t\t<\/div>\n\t\t\t\t<\/div>\n\t\t\t\t<\/div>\n\t\t\t\t\t\t<\/div>\n\t\t\t\t\t<\/div>\n\t\t<\/div>\n\t\t\t\t<div class=\"elementor-column elementor-col-50 elementor-inner-column elementor-element elementor-element-77b9397\" data-id=\"77b9397\" data-element_type=\"column\">\n\t\t\t<div class=\"elementor-column-wrap elementor-element-populated\">\n\t\t\t\t\t\t\t<div class=\"elementor-widget-wrap\">\n\t\t\t\t\t\t<div class=\"elementor-element elementor-element-99ebd63 elementor-align-center elementor-widget elementor-widget-button\" data-id=\"99ebd63\" data-element_type=\"widget\" data-widget_type=\"button.default\">\n\t\t\t\t<div class=\"elementor-widget-container\">\n\t\t\t\t\t<div class=\"elementor-button-wrapper\">\n\t\t\t<a href=\"\/contact\/\" class=\"elementor-button-link elementor-button elementor-size-sm elementor-animation-shrink\" role=\"button\">\n\t\t\t\t\t\t<span class=\"elementor-button-content-wrapper\">\n\t\t\t\t\t\t<span class=\"elementor-button-icon elementor-align-icon-left\">\n\t\t\t\t<i aria-hidden=\"true\" class=\"far fa-comment\"><\/i>\t\t\t<\/span>\n\t\t\t\t\t\t<span class=\"elementor-button-text\">Contactez-Nous<\/span>\n\t\t<\/span>\n\t\t\t\t\t<\/a>\n\t\t<\/div>\n\t\t\t\t<\/div>\n\t\t\t\t<\/div>\n\t\t\t\t\t\t<\/div>\n\t\t\t\t\t<\/div>\n\t\t<\/div>\n\t\t\t\t\t\t\t\t<\/div>\n\t\t\t\t\t<\/div>\n\t\t<\/section>\n\t\t\t\t\t\t<\/div>\n\t\t\t\t\t<\/div>\n\t\t<\/div>\n\t\t\t\t\t\t\t\t<\/div>\n\t\t\t\t\t<\/div>\n\t\t<\/section>\n\t\t\t\t\t\t<\/div>\n\t\t\t\t\t\t<\/div>\n\t\t\t\t\t<\/div>\n\t\t","protected":false},"excerpt":{"rendered":"<p>\t\t\t\tEcritel alimente votre infrastructure de sauvegarde \u00e0 haute capacit\u00e9. Notre stockage en nuage vous permet de sauvegarder et de restaurer votre infrastructure h\u00e9berg\u00e9e ou sur site.<\/p>\n","protected":false},"author":8,"featured_media":0,"parent":6523,"menu_order":6,"comment_status":"closed","ping_status":"closed","template":"elementor_header_footer","meta":{"footnotes":""},"yoast_head":"<!-- This site is optimized with the Yoast SEO plugin v22.0 - https:\/\/yoast.com\/wordpress\/plugins\/seo\/ -->\n<title>Sauvegarde - Ecritel Canada<\/title>\n<meta name=\"robots\" content=\"index, follow, max-snippet:-1, max-image-preview:large, max-video-preview:-1\" \/>\n<link rel=\"canonical\" href=\"https:\/\/www.ecritel.ca\/fr\/nos-solutions\/sauvegarde\/\" \/>\n<meta property=\"og:locale\" content=\"fr_FR\" \/>\n<meta property=\"og:type\" content=\"article\" \/>\n<meta property=\"og:title\" content=\"Sauvegarde - Ecritel Canada\" \/>\n<meta property=\"og:description\" content=\"Ecritel alimente votre infrastructure de sauvegarde \u00e0 haute capacit\u00e9. Notre stockage en nuage vous permet de sauvegarder et de restaurer votre infrastructure h\u00e9berg\u00e9e ou sur site.\" \/>\n<meta property=\"og:url\" content=\"https:\/\/www.ecritel.ca\/fr\/nos-solutions\/sauvegarde\/\" \/>\n<meta property=\"og:site_name\" content=\"Ecritel Canada\" \/>\n<meta property=\"article:publisher\" content=\"https:\/\/www.facebook.com\/ecritelcloud\/\" \/>\n<meta property=\"article:modified_time\" content=\"2024-01-17T21:36:04+00:00\" \/>\n<meta name=\"twitter:card\" content=\"summary_large_image\" \/>\n<meta name=\"twitter:site\" content=\"@ecritel_cloud\" \/>\n<meta name=\"twitter:label1\" content=\"Dur\u00e9e de lecture estim\u00e9e\" \/>\n\t<meta name=\"twitter:data1\" content=\"1 minute\" \/>\n<script type=\"application\/ld+json\" class=\"yoast-schema-graph\">{\"@context\":\"https:\/\/schema.org\",\"@graph\":[{\"@type\":\"WebPage\",\"@id\":\"https:\/\/www.ecritel.ca\/nos-solutions\/sauvegarde\/\",\"url\":\"https:\/\/www.ecritel.ca\/nos-solutions\/sauvegarde\/\",\"name\":\"Sauvegarde - Ecritel Canada\",\"isPartOf\":{\"@id\":\"https:\/\/www.ecritel.ca\/#website\"},\"datePublished\":\"2020-06-09T20:27:40+00:00\",\"dateModified\":\"2024-01-17T21:36:04+00:00\",\"breadcrumb\":{\"@id\":\"https:\/\/www.ecritel.ca\/nos-solutions\/sauvegarde\/#breadcrumb\"},\"inLanguage\":\"fr-FR\",\"potentialAction\":[{\"@type\":\"ReadAction\",\"target\":[\"https:\/\/www.ecritel.ca\/nos-solutions\/sauvegarde\/\"]}]},{\"@type\":\"BreadcrumbList\",\"@id\":\"https:\/\/www.ecritel.ca\/nos-solutions\/sauvegarde\/#breadcrumb\",\"itemListElement\":[{\"@type\":\"ListItem\",\"position\":1,\"name\":\"Accueil\",\"item\":\"https:\/\/www.ecritel.ca\/fr\/\"},{\"@type\":\"ListItem\",\"position\":2,\"name\":\"Nos solutions\",\"item\":\"https:\/\/www.ecritel.ca\/nos-solutions\/\"},{\"@type\":\"ListItem\",\"position\":3,\"name\":\"Sauvegarde\"}]},{\"@type\":\"WebSite\",\"@id\":\"https:\/\/www.ecritel.ca\/#website\",\"url\":\"https:\/\/www.ecritel.ca\/\",\"name\":\"Ecritel Canada\",\"description\":\"Managed Hosting &amp; Cloud Computing\",\"publisher\":{\"@id\":\"https:\/\/www.ecritel.ca\/#organization\"},\"alternateName\":\"Ecritel\",\"potentialAction\":[{\"@type\":\"SearchAction\",\"target\":{\"@type\":\"EntryPoint\",\"urlTemplate\":\"https:\/\/www.ecritel.ca\/?s={search_term_string}\"},\"query-input\":\"required name=search_term_string\"}],\"inLanguage\":\"fr-FR\"},{\"@type\":\"Organization\",\"@id\":\"https:\/\/www.ecritel.ca\/#organization\",\"name\":\"Ecritel Canada\",\"alternateName\":\"Ecritel Inc.\",\"url\":\"https:\/\/www.ecritel.ca\/\",\"logo\":{\"@type\":\"ImageObject\",\"inLanguage\":\"fr-FR\",\"@id\":\"https:\/\/www.ecritel.ca\/#\/schema\/logo\/image\/\",\"url\":\"https:\/\/www.ecritel.ca\/wp-content\/uploads\/2021\/08\/logo-ecritel-main-color-2x-1-1.png\",\"contentUrl\":\"https:\/\/www.ecritel.ca\/wp-content\/uploads\/2021\/08\/logo-ecritel-main-color-2x-1-1.png\",\"width\":120,\"height\":48,\"caption\":\"Ecritel Canada\"},\"image\":{\"@id\":\"https:\/\/www.ecritel.ca\/#\/schema\/logo\/image\/\"},\"sameAs\":[\"https:\/\/www.facebook.com\/ecritelcloud\/\",\"https:\/\/twitter.com\/ecritel_cloud\"]}]}<\/script>\n<!-- \/ Yoast SEO plugin. -->","yoast_head_json":{"title":"Sauvegarde - Ecritel Canada","robots":{"index":"index","follow":"follow","max-snippet":"max-snippet:-1","max-image-preview":"max-image-preview:large","max-video-preview":"max-video-preview:-1"},"canonical":"https:\/\/www.ecritel.ca\/fr\/nos-solutions\/sauvegarde\/","og_locale":"fr_FR","og_type":"article","og_title":"Sauvegarde - Ecritel Canada","og_description":"Ecritel alimente votre infrastructure de sauvegarde \u00e0 haute capacit\u00e9. Notre stockage en nuage vous permet de sauvegarder et de restaurer votre infrastructure h\u00e9berg\u00e9e ou sur site.","og_url":"https:\/\/www.ecritel.ca\/fr\/nos-solutions\/sauvegarde\/","og_site_name":"Ecritel Canada","article_publisher":"https:\/\/www.facebook.com\/ecritelcloud\/","article_modified_time":"2024-01-17T21:36:04+00:00","twitter_card":"summary_large_image","twitter_site":"@ecritel_cloud","twitter_misc":{"Dur\u00e9e de lecture estim\u00e9e":"1 minute"},"schema":{"@context":"https:\/\/schema.org","@graph":[{"@type":"WebPage","@id":"https:\/\/www.ecritel.ca\/nos-solutions\/sauvegarde\/","url":"https:\/\/www.ecritel.ca\/nos-solutions\/sauvegarde\/","name":"Sauvegarde - Ecritel Canada","isPartOf":{"@id":"https:\/\/www.ecritel.ca\/#website"},"datePublished":"2020-06-09T20:27:40+00:00","dateModified":"2024-01-17T21:36:04+00:00","breadcrumb":{"@id":"https:\/\/www.ecritel.ca\/nos-solutions\/sauvegarde\/#breadcrumb"},"inLanguage":"fr-FR","potentialAction":[{"@type":"ReadAction","target":["https:\/\/www.ecritel.ca\/nos-solutions\/sauvegarde\/"]}]},{"@type":"BreadcrumbList","@id":"https:\/\/www.ecritel.ca\/nos-solutions\/sauvegarde\/#breadcrumb","itemListElement":[{"@type":"ListItem","position":1,"name":"Accueil","item":"https:\/\/www.ecritel.ca\/fr\/"},{"@type":"ListItem","position":2,"name":"Nos solutions","item":"https:\/\/www.ecritel.ca\/nos-solutions\/"},{"@type":"ListItem","position":3,"name":"Sauvegarde"}]},{"@type":"WebSite","@id":"https:\/\/www.ecritel.ca\/#website","url":"https:\/\/www.ecritel.ca\/","name":"Ecritel Canada","description":"Managed Hosting &amp; Cloud Computing","publisher":{"@id":"https:\/\/www.ecritel.ca\/#organization"},"alternateName":"Ecritel","potentialAction":[{"@type":"SearchAction","target":{"@type":"EntryPoint","urlTemplate":"https:\/\/www.ecritel.ca\/?s={search_term_string}"},"query-input":"required name=search_term_string"}],"inLanguage":"fr-FR"},{"@type":"Organization","@id":"https:\/\/www.ecritel.ca\/#organization","name":"Ecritel Canada","alternateName":"Ecritel Inc.","url":"https:\/\/www.ecritel.ca\/","logo":{"@type":"ImageObject","inLanguage":"fr-FR","@id":"https:\/\/www.ecritel.ca\/#\/schema\/logo\/image\/","url":"https:\/\/www.ecritel.ca\/wp-content\/uploads\/2021\/08\/logo-ecritel-main-color-2x-1-1.png","contentUrl":"https:\/\/www.ecritel.ca\/wp-content\/uploads\/2021\/08\/logo-ecritel-main-color-2x-1-1.png","width":120,"height":48,"caption":"Ecritel Canada"},"image":{"@id":"https:\/\/www.ecritel.ca\/#\/schema\/logo\/image\/"},"sameAs":["https:\/\/www.facebook.com\/ecritelcloud\/","https:\/\/twitter.com\/ecritel_cloud"]}]}},"_links":{"self":[{"href":"https:\/\/www.ecritel.ca\/fr\/wp-json\/wp\/v2\/pages\/5830"}],"collection":[{"href":"https:\/\/www.ecritel.ca\/fr\/wp-json\/wp\/v2\/pages"}],"about":[{"href":"https:\/\/www.ecritel.ca\/fr\/wp-json\/wp\/v2\/types\/page"}],"author":[{"embeddable":true,"href":"https:\/\/www.ecritel.ca\/fr\/wp-json\/wp\/v2\/users\/8"}],"replies":[{"embeddable":true,"href":"https:\/\/www.ecritel.ca\/fr\/wp-json\/wp\/v2\/comments?post=5830"}],"version-history":[{"count":49,"href":"https:\/\/www.ecritel.ca\/fr\/wp-json\/wp\/v2\/pages\/5830\/revisions"}],"predecessor-version":[{"id":9749,"href":"https:\/\/www.ecritel.ca\/fr\/wp-json\/wp\/v2\/pages\/5830\/revisions\/9749"}],"up":[{"embeddable":true,"href":"https:\/\/www.ecritel.ca\/fr\/wp-json\/wp\/v2\/pages\/6523"}],"wp:attachment":[{"href":"https:\/\/www.ecritel.ca\/fr\/wp-json\/wp\/v2\/media?parent=5830"}],"curies":[{"name":"wp","href":"https:\/\/api.w.org\/{rel}","templated":true}]}}